{"id":366,"date":"2011-03-25T12:42:03","date_gmt":"2011-03-25T12:42:03","guid":{"rendered":"http:\/\/www.soulfruit-connection.com\/wp\/?page_id=366"},"modified":"2026-02-17T16:38:46","modified_gmt":"2026-02-17T16:38:46","slug":"klangheilraum","status":"publish","type":"page","link":"https:\/\/www.mitschkohn.de\/wp\/elements\/klangheilraum\/","title":{"rendered":"Klang-Heil-Raum"},"content":{"rendered":"\n<p class=\"has-vivid-purple-color has-text-color has-link-color has-medium-font-size wp-elements-df51456f3f3845e1b3196627ed751757\">meet you in the sound and the sound in you\u00a0<\/p>\n\n\n\n<blockquote class=\"wp-block-quote is-layout-flow wp-block-quote-is-layout-flow\"><\/blockquote>\n\n\n\n<p>Alle Wahrheit liegt bereits in uns. Im Klang k\u00f6nnen wir in R\u00e4ume eintauchen, die uns vorher verschlossen erschienen, offenbaren sich Dimensionen, von denen wir vorher nicht wussten, dass sie in uns existieren\u2026 und einen Schl\u00fcssel finden zur umfassenden Selbstheilung.<\/p>\n\n\n\n<figure class=\"wp-block-image size-large\"><img loading=\"lazy\" decoding=\"async\" width=\"1024\" height=\"466\" src=\"https:\/\/www.mitschkohn.de\/wp\/wp-content\/uploads\/2026\/02\/KLang-Heil-Raum-Header-1024x466.jpg\" alt=\"\" class=\"wp-image-10197\" srcset=\"https:\/\/www.mitschkohn.de\/wp\/wp-content\/uploads\/2026\/02\/KLang-Heil-Raum-Header-1024x466.jpg 1024w, https:\/\/www.mitschkohn.de\/wp\/wp-content\/uploads\/2026\/02\/KLang-Heil-Raum-Header-500x228.jpg 500w, https:\/\/www.mitschkohn.de\/wp\/wp-content\/uploads\/2026\/02\/KLang-Heil-Raum-Header-768x350.jpg 768w, https:\/\/www.mitschkohn.de\/wp\/wp-content\/uploads\/2026\/02\/KLang-Heil-Raum-Header.jpg 1520w\" sizes=\"auto, (max-width: 706px) 89vw, (max-width: 767px) 82vw, 740px\" \/><\/figure>\n\n\n\n<p><strong>Seelennahrung, Energietankstelle, Tr\u00e4nen der Dankbarkeit<\/strong><\/p>\n\n\n\n<p><strong>intuitive medicine music &#8211; <\/strong>Der <strong>Klang Heil Raum <\/strong>ist ein extatisches Intuitiv-Klang Happening, ein interaktiver konzertanter Klangraum, in dem Dein Herz sich weitet, Du \u00fcberstr\u00f6mst von der Liebe die Dich flutet, weil Du ganz eingetaucht bist in Deinem Sein, im Klang eingewoben, in Deinem freien Ausdruck, in Verbindung mit Deiner Seele und dem Gro\u00dfen Ganzen\u2026\u00a0<\/p>\n\n\n\n<blockquote class=\"wp-block-quote is-layout-flow wp-block-quote-is-layout-flow\">\n<div class=\"wp-block-media-text is-stacked-on-mobile\"><figure class=\"wp-block-media-text__media\"><img loading=\"lazy\" decoding=\"async\" width=\"678\" height=\"779\" src=\"https:\/\/www.mitschkohn.de\/wp\/wp-content\/uploads\/2026\/02\/Mitsch-ohne-Mia-hochformat-web.jpg\" alt=\"\" class=\"wp-image-10201 size-full\" srcset=\"https:\/\/www.mitschkohn.de\/wp\/wp-content\/uploads\/2026\/02\/Mitsch-ohne-Mia-hochformat-web.jpg 678w, https:\/\/www.mitschkohn.de\/wp\/wp-content\/uploads\/2026\/02\/Mitsch-ohne-Mia-hochformat-web-435x500.jpg 435w\" sizes=\"auto, (max-width: 678px) 100vw, 678px\" \/><\/figure><div class=\"wp-block-media-text__content\">\n<p>Kl\u00e4nge, die Dein Herz ber\u00fchren und Dich an das Wesentliche in Dir erinnern<\/p>\n<\/div><\/div>\n<\/blockquote>\n\n\n\n<p><\/p>\n\n\n\n<p>Mitsch erschafft mit seinen intuitiven Kl\u00e4ngen ein sehr hochschwingendes Feld, in dem ein \u201csich erinnern\u201d an das Wesentliche in uns stattfindet. Seine einf\u00fchlsame Musik entfaltet sich v\u00f6llig frei und entfacht eine Magie,<em> <\/em>die das Herz tief ber\u00fchrt und die Teilnehmer schon nach wenigen Sekunden in Seins-Ebenen jenseits des Verstands begleitet. Mit seiner archaischen Stimme, frei flie\u00dfenden Melodien und ungeheurer Ausdrucks-Vielfalt am Piano erschafft er Klangwelten, in denen der Zugang zu h\u00f6heren Bewusstseinsebenen wie von selbst geschieht.<\/p>\n\n\n\n<figure class=\"wp-block-embed is-type-video is-provider-youtube wp-block-embed-youtube wp-embed-aspect-16-9 wp-has-aspect-ratio\"><div class=\"wp-block-embed__wrapper\">\n<iframe loading=\"lazy\" title=\"Singing as Personal Expression \u2013 A Festival Documentary with Mitsch Kohn\" width=\"525\" height=\"295\" src=\"https:\/\/www.youtube.com\/embed\/bsjR08LzrOE?feature=oembed\" frameborder=\"0\" allow=\"accelerometer; autoplay; clipboard-write; encrypted-media; gyroscope; picture-in-picture; web-share\" referrerpolicy=\"strict-origin-when-cross-origin\" allowfullscreen><\/iframe>\n<\/div><\/figure>\n\n\n\n<p>Den Klang Heil Raum gibt es in verschiedenen Formaten: als Festival-Konzert, als konzertante Abendveranstaltung, als Tages-Retreat oder als intensives Mehr-Tages-Retreat, bei dem Du tief in Dein Unterbewusstsein vordringst und Dir nicht mehr dienliche Muster umprogrammierst.<\/p>\n\n\n\n<details class=\"wp-block-details is-layout-flow wp-block-details-is-layout-flow\"><summary>Klang Heil Raum Konzert<\/summary>\n<p>Wie ist der ungef\u00e4hre Ablauf eines Konzerts bei Mitsch<\/p>\n\n\n\n<p>Nach einem gemeinsamen Moment des Ankommens und einer Zeit der Stille entsteht aus der Stille heraus ein intuitiver und interaktiver Klangraum, der einl\u00e4dt, sich f\u00fcr die innere Bewusstwerdung zu \u00f6ffnen und die Selbstheilungsprozesse im K\u00f6rper zu entdecken. Dies geschieht nicht nur passiv, sondern auch aktiv durch die Verbindung zum freien Ausdruck. Die intuitiven Kl\u00e4nge (Piano, Trommel, Gesang, Sounds) begleiten einf\u00fchlsam auf dem Weg in die inneren Dimensionen, wirken herz\u00f6ffnend, helfen beim Erkennen des eigenen Weges und beim Loslassen nicht mehr dienlicher Muster,  und unterst\u00fctzen dabei, die Chakren zum Flie\u00dfen zu bringen und die innere Verbindung zur Quelle wieder deutlich zu sp\u00fcren.<\/p>\n\n\n\n<p>Die Reise endet wieder in der Stille, in der sich alles neu ordnen kann und der Rahmen gegeben ist, bevor wir behutsam wieder ins Tagesbewusstsein zur\u00fcckzukehren. Ein Klang-Heil-Raum Konzert dauert ca.  2,5-3 Stunden. <\/p>\n<\/details>\n\n\n\n<details class=\"wp-block-details is-layout-flow wp-block-details-is-layout-flow\"><summary>Klang Heil Raum Retreats<\/summary>\n<p><br>Bei einem Klang-Heil-Raum Tagesworkshop oder einem l\u00e4ngeren Retreat wird die \u201ekonzertante Ebene\u201c  verlassen und der Fokus liegt darauf, den Geheimnissen unseres &#8222;so seins&#8220; auf den Grund zu gehen und in die Heilung zu bringen, was nicht mehr stimmig ist.<\/p>\n\n\n\n<p>In Klang eingetaucht und im Jetzt ankommend er\u00f6ffnen sich R\u00e4ume der M\u00f6glichkeiten, in denen etwas entstehen darf &#8230; aus uns selbst heraus, ohne etwas zu machen oder zu wollen&#8230; ohne einem bestimmten Ablauf zu folgen. Jeder Klang Heil Raum hat seine eigene Dynamik, die ich auffange und in Klang transportiere, eine R\u00fcckkopplung der Energie der Gruppe und des Geschehens sozusagen&#8230; ich empfange Impulse und gebe sie wieder weiter. Intuitiv, kompromisslos. In Klang, in Worten, in Interaktion\u2026. es ist das was der Moment an Heilung bereit h\u00e4lt&#8230; es ist das, was es grad braucht, f\u00fcr diese Gruppe in diesem Moment.<\/p>\n\n\n\n<p>In diesem Feld geschieht unmittelbare Begegnung mit uns selbst, sofern und so tief, wie wir uns einlassen k\u00f6nnen und wollen! Und das kann lebensver\u00e4ndernd sein. Die Begegnung mit unseren wahren Gef\u00fchlen, die einfach nur gef\u00fchlt werden wollen ohne etwas damit zu \u201emachen\u201c\u2026 die Wahrnehmung der inneren Impulse, dem Vertrauen zu ihnen und dem Geschehenlassen, dem Abgeben der kontrollierenden Muster in uns, dem Loslassen von endlosen Bewertungen &amp; Verurteilungen, die uns in unserem Handeln und Denken oft so gefangen halten&#8230; all das geschieht im Klang Heil Raum fast wie von selbst, und f\u00fchrt uns zu tiefgreifenden Erfahrungen und Erkenntnissen \u00fcber das was wirklich wichtig ist f\u00fcr uns\u2026 und das kann bei jedem etwas v\u00f6llig anderes sein.<\/p>\n\n\n\n<p>Es entsteht Offenheit und Vertrauen, gegen\u00fcber uns selbst, gegen\u00fcber dem anderen, gegen\u00fcber dem Leben, das durch uns tanzen, singen, spielen, kontakten m\u00f6chte &#8230; ohne Vorgabe, spontan, mit dem Herzen verbunden.<\/p>\n\n\n\n<p>Das beste daran ist die Nachhaltigkeit. Eine tiefgreifende Erfahrung\/Erkenntnis ist an kein Umfeld oder eine bestimmte Praxis gebunden. Sie hat sich manifestiert und wirkt sich fortan in alle Lebensbereiche aus. Wenn Du z.B. Deine Stimme befreist, wird sich sehr vieles in Deinem Leben ver\u00e4ndern, was Du vorher nicht f\u00fcr m\u00f6glich gehalten h\u00e4ttest.<\/p>\n\n\n\n<p>Es gibt nichts zu tun oder zu erreichen\u2026 kein Wollen, kein Ziel. Alles entfaltet sich aus dem Gewahrsein des unmittelbaren Moments heraus\u2026 frei und authentisch.<\/p>\n\n\n\n<p><\/p>\n\n\n\n<p>Ein Klang-Heil-Raum Retreat vermag sehr tiefgreifende Ver\u00e4nderungen im System hervorzurufen, es wirkt wie eine Neuprogrammierung der Zellen und eine Weitung des Herzens.<\/p>\n<\/details>\n\n\n\n<figure class=\"wp-block-embed is-type-video is-provider-youtube wp-block-embed-youtube wp-embed-aspect-16-9 wp-has-aspect-ratio\"><div class=\"wp-block-embed__wrapper\">\n<iframe loading=\"lazy\" title=\"Was im Klang Heil Raum geschieht \u2013 Stimmen der Teilnehmer:innen\" width=\"525\" height=\"295\" src=\"https:\/\/www.youtube.com\/embed\/bEB1PM49Guc?feature=oembed\" frameborder=\"0\" allow=\"accelerometer; autoplay; clipboard-write; encrypted-media; gyroscope; picture-in-picture; web-share\" referrerpolicy=\"strict-origin-when-cross-origin\" allowfullscreen><\/iframe>\n<\/div><\/figure>\n\n\n\n<div class=\"wp-block-buttons is-layout-flex wp-block-buttons-is-layout-flex\">\n<div class=\"wp-block-button\"><a class=\"wp-block-button__link wp-element-button\" href=\"https:\/\/www.mitschkohn.de\/wp\/elements\/feedbacks-2\/\">schriftliche Feedbacks von Teilnehmern<\/a><\/div>\n<\/div>\n\n\n\n<p><noscript>&amp;amp;amp;amp;amp;amp;amp;lt;img src=&#8220;http:\/\/wms.assoc-amazon.de\/20070822\/DE\/img\/noscript.gif?tag=wwwsoulfruitc-21&#8243; alt=&#8220;&#8220;&amp;amp;amp;amp;amp;amp;amp;gt;&amp;amp;amp;amp;amp;amp;amp;lt;br \/&amp;amp;amp;amp;amp;amp;amp;gt;&amp;amp;amp;amp;amp;amp;lt;br \/&amp;amp;amp;amp;amp;amp;gt;&amp;amp;amp;amp;amp;lt;br \/&amp;amp;amp;amp;amp;gt;&amp;amp;amp;amp;lt;br \/&amp;amp;amp;amp;gt;&amp;amp;amp;lt;br \/&amp;amp;amp;gt;\n<\/noscript><\/p>\n\n\n\n<h4 class=\"wp-block-heading\">Warum wird diese Arbeit Klang-Heil-Raum genannt?<\/h4>\n\n\n\n<p>Ich gehe davon aus, dass die meisten &#8222;Krankheiten&#8220; eine Manifestation im Stofflichen sind, die im Feinstofflichen bereits als Dissonanzen vorhanden sind, beispielsweise durch Gedanken- und Glaubensmuster, alten Verbindungen usw. Nach meiner Meinung kann Heilung somit nur umfassend und ganzheitlich erfolgen, was eine notwendig gewordene medizinische Behandlung\/Reinigung des physischen K\u00f6rpers genauso umfasst wie eine Heilung des Geistes, die letztendlich durch Bewusstwerdung, die \u00d6ffnung des Menschen f\u00fcr seine Themen und die Bereitschaft, sie zu transformieren, geschehen kann. Ein Klang-Heil-Raum er\u00f6ffnet den Raum und bietet die Unterst\u00fctzung, sich diese Themen anzuschauen und zu transformieren. Die Verantwortung daf\u00fcr liegt bei jedem Einzelnen selbst. Ich stelle keine Diagnosen und gebe keine Heilversprechen ab.<br>Der Klang-Heil-Raum ersetzt keinen Arztbesuch. Bei schwerwiegenden psychischen Problemen sollte dieser nicht ohne R\u00fccksprache mit einem Facharzt besucht werden.<\/p>\n\n\n\n<p><br><\/p>\n\n\n<div class=\"wp-block-image\">\n<figure class=\"alignleft\"><img decoding=\"async\" src=\"http:\/\/www.ombiente.de\/images\/partnerimages\/Ombiente_Logo_blau_kl.png\" alt=\"Ombiente - Klang &amp; Atmosph\u00e4re\"\/><\/figure>\n<\/div>\n\n\n<p><em>Der KLANG HEIL RAUM wird mit <a rel=\"noreferrer noopener\" href=\"http:\/\/www.ombiente.de\/de\/\" target=\"_blank\">OMBIENTE-3D-Klangsystemen<\/a> beschallt. Diese 3D-Klangsysteme strahlen nicht wie herk\u00f6mmliche Boxen direkt auf den H\u00f6rer ab, sondern erzeugen einen nat\u00fcrlichen und vom &#8222;Schall-Luftdruck&#8220; befreiten, 3-dimensionalen Raumklang. Ein ungew\u00f6hnlich ganzheitliches H\u00f6rerlebnis.<\/em><\/p>\n\n\n\n<blockquote class=\"wp-block-quote has-vivid-purple-color has-text-color has-link-color has-large-font-size wp-elements-ee72c3a83b19f1619318699ca17ad31d is-layout-flow wp-block-quote-is-layout-flow\"><\/blockquote>\n\n\n\n<blockquote class=\"wp-block-quote is-layout-flow wp-block-quote-is-layout-flow\">\n<p><\/p>\n<\/blockquote>\n\n\n\n<blockquote class=\"wp-block-quote is-layout-flow wp-block-quote-is-layout-flow\">\n<blockquote class=\"wp-block-quote is-layout-flow wp-block-quote-is-layout-flow\">\n<p><\/p>\n<\/blockquote>\n<\/blockquote>\n","protected":false},"excerpt":{"rendered":"<p>meet you in the sound and the sound in you\u00a0 Alle Wahrheit liegt bereits in uns. Im Klang k\u00f6nnen wir in R\u00e4ume eintauchen, die uns vorher verschlossen erschienen, offenbaren sich Dimensionen, von denen wir vorher nicht wussten, dass sie in uns existieren\u2026 und einen Schl\u00fcssel finden zur umfassenden Selbstheilung. Seelennahrung, Energietankstelle, Tr\u00e4nen der Dankbarkeit intuitive &hellip; <\/p>\n<p class=\"link-more\"><a href=\"https:\/\/www.mitschkohn.de\/wp\/elements\/klangheilraum\/\" class=\"more-link\"><span class=\"screen-reader-text\">\u201eKlang-Heil-Raum\u201c <\/span>weiterlesen<\/a><\/p>\n","protected":false},"author":1,"featured_media":9918,"parent":34,"menu_order":0,"comment_status":"closed","ping_status":"open","template":"","meta":{"footnotes":""},"class_list":["post-366","page","type-page","status-publish","has-post-thumbnail","hentry"],"_links":{"self":[{"href":"https:\/\/www.mitschkohn.de\/wp\/wp-json\/wp\/v2\/pages\/366","targetHints":{"allow":["GET"]}}],"collection":[{"href":"https:\/\/www.mitschkohn.de\/wp\/wp-json\/wp\/v2\/pages"}],"about":[{"href":"https:\/\/www.mitschkohn.de\/wp\/wp-json\/wp\/v2\/types\/page"}],"author":[{"embeddable":true,"href":"https:\/\/www.mitschkohn.de\/wp\/wp-json\/wp\/v2\/users\/1"}],"replies":[{"embeddable":true,"href":"https:\/\/www.mitschkohn.de\/wp\/wp-json\/wp\/v2\/comments?post=366"}],"version-history":[{"count":148,"href":"https:\/\/www.mitschkohn.de\/wp\/wp-json\/wp\/v2\/pages\/366\/revisions"}],"predecessor-version":[{"id":10209,"href":"https:\/\/www.mitschkohn.de\/wp\/wp-json\/wp\/v2\/pages\/366\/revisions\/10209"}],"up":[{"embeddable":true,"href":"https:\/\/www.mitschkohn.de\/wp\/wp-json\/wp\/v2\/pages\/34"}],"wp:featuredmedia":[{"embeddable":true,"href":"https:\/\/www.mitschkohn.de\/wp\/wp-json\/wp\/v2\/media\/9918"}],"wp:attachment":[{"href":"https:\/\/www.mitschkohn.de\/wp\/wp-json\/wp\/v2\/media?parent=366"}],"curies":[{"name":"wp","href":"https:\/\/api.w.org\/{rel}","templated":true}]}}